{"id":83,"date":"2025-08-06T23:58:16","date_gmt":"2025-08-06T18:58:16","guid":{"rendered":"https:\/\/recsus.association.usherbrooke.ca\/?page_id=83"},"modified":"2026-02-25T02:13:08","modified_gmt":"2026-02-24T21:13:08","slug":"notre-equipe","status":"publish","type":"page","link":"https:\/\/recsus.association.usherbrooke.ca\/?page_id=83","title":{"rendered":"Notre \u00e9quipe"},"content":{"rendered":"\n<p class=\"is-style-text-subtitle is-style-text-subtitle--1\">Le conseil d&rsquo;administration du RECSUS<\/p>\n\n\n\n<div class=\"wp-block-group is-layout-grid wp-container-core-group-is-layout-b757edec wp-block-group-is-layout-grid\">\n<div class=\"wp-block-media-text is-stacked-on-mobile wp-container-content-295137eb\" style=\"grid-template-columns:15% auto\"><figure class=\"wp-block-media-text__media\"><img loading=\"lazy\" decoding=\"async\" width=\"328\" height=\"327\" src=\"https:\/\/recsus.association.usherbrooke.ca\/wp-content\/uploads\/2025\/06\/39b672d0-a178-4dca-b658-0faede10501e.png\" alt=\"\" class=\"wp-image-170 size-full\" srcset=\"https:\/\/recsus.association.usherbrooke.ca\/wp-content\/uploads\/2025\/06\/39b672d0-a178-4dca-b658-0faede10501e.png 328w, https:\/\/recsus.association.usherbrooke.ca\/wp-content\/uploads\/2025\/06\/39b672d0-a178-4dca-b658-0faede10501e-300x300.png 300w, https:\/\/recsus.association.usherbrooke.ca\/wp-content\/uploads\/2025\/06\/39b672d0-a178-4dca-b658-0faede10501e-150x150.png 150w\" sizes=\"auto, (max-width: 328px) 100vw, 328px\" \/><\/figure><div class=\"wp-block-media-text__content\">\n<p style=\"line-height:1.4\">Jonathan Boisvert<br><small>Biologie<br>Tr\u00e9sorier<\/small><\/p>\n<\/div><\/div>\n\n\n\n<div class=\"wp-block-media-text is-stacked-on-mobile wp-container-content-295137eb\" style=\"grid-template-columns:15% auto\"><figure class=\"wp-block-media-text__media\"><img loading=\"lazy\" decoding=\"async\" width=\"328\" height=\"327\" src=\"https:\/\/recsus.association.usherbrooke.ca\/wp-content\/uploads\/2025\/06\/39b672d0-a178-4dca-b658-0faede10501e.png\" alt=\"\" class=\"wp-image-170 size-full\" srcset=\"https:\/\/recsus.association.usherbrooke.ca\/wp-content\/uploads\/2025\/06\/39b672d0-a178-4dca-b658-0faede10501e.png 328w, https:\/\/recsus.association.usherbrooke.ca\/wp-content\/uploads\/2025\/06\/39b672d0-a178-4dca-b658-0faede10501e-300x300.png 300w, https:\/\/recsus.association.usherbrooke.ca\/wp-content\/uploads\/2025\/06\/39b672d0-a178-4dca-b658-0faede10501e-150x150.png 150w\" sizes=\"auto, (max-width: 328px) 100vw, 328px\" \/><\/figure><div class=\"wp-block-media-text__content\">\n<p style=\"line-height:1.4\">L\u00e9a Gauthier-Soumis<br><small>Biologie<br>Vice-tr\u00e9sori\u00e8re <\/small><\/p>\n<\/div><\/div>\n\n\n\n<div class=\"wp-block-media-text is-stacked-on-mobile wp-container-content-295137eb\" style=\"grid-template-columns:15% auto\"><figure class=\"wp-block-media-text__media\"><img loading=\"lazy\" decoding=\"async\" width=\"328\" height=\"327\" src=\"https:\/\/recsus.association.usherbrooke.ca\/wp-content\/uploads\/2025\/06\/39b672d0-a178-4dca-b658-0faede10501e.png\" alt=\"\" class=\"wp-image-170 size-full\" srcset=\"https:\/\/recsus.association.usherbrooke.ca\/wp-content\/uploads\/2025\/06\/39b672d0-a178-4dca-b658-0faede10501e.png 328w, https:\/\/recsus.association.usherbrooke.ca\/wp-content\/uploads\/2025\/06\/39b672d0-a178-4dca-b658-0faede10501e-300x300.png 300w, https:\/\/recsus.association.usherbrooke.ca\/wp-content\/uploads\/2025\/06\/39b672d0-a178-4dca-b658-0faede10501e-150x150.png 150w\" sizes=\"auto, (max-width: 328px) 100vw, 328px\" \/><\/figure><div class=\"wp-block-media-text__content\">\n<p style=\"line-height:1.4\">\u00c9lodie d&rsquo;Astous<br><small>Chimie<br>Pr\u00e9sidence<\/small><\/p>\n<\/div><\/div>\n\n\n\n<div class=\"wp-block-media-text is-stacked-on-mobile wp-container-content-295137eb\" style=\"grid-template-columns:15% auto\"><figure class=\"wp-block-media-text__media\"><img loading=\"lazy\" decoding=\"async\" width=\"328\" height=\"327\" src=\"https:\/\/recsus.association.usherbrooke.ca\/wp-content\/uploads\/2025\/06\/39b672d0-a178-4dca-b658-0faede10501e.png\" alt=\"\" class=\"wp-image-170 size-full\" srcset=\"https:\/\/recsus.association.usherbrooke.ca\/wp-content\/uploads\/2025\/06\/39b672d0-a178-4dca-b658-0faede10501e.png 328w, https:\/\/recsus.association.usherbrooke.ca\/wp-content\/uploads\/2025\/06\/39b672d0-a178-4dca-b658-0faede10501e-300x300.png 300w, https:\/\/recsus.association.usherbrooke.ca\/wp-content\/uploads\/2025\/06\/39b672d0-a178-4dca-b658-0faede10501e-150x150.png 150w\" sizes=\"auto, (max-width: 328px) 100vw, 328px\" \/><\/figure><div class=\"wp-block-media-text__content\">\n<p style=\"line-height:1.4\">&#8211;<br><small>Chimie<br>&#8211; <\/small><\/p>\n<\/div><\/div>\n\n\n\n<div class=\"wp-block-media-text is-stacked-on-mobile wp-container-content-295137eb\" style=\"grid-template-columns:15% auto\"><figure class=\"wp-block-media-text__media\"><img loading=\"lazy\" decoding=\"async\" width=\"328\" height=\"327\" src=\"https:\/\/recsus.association.usherbrooke.ca\/wp-content\/uploads\/2025\/06\/39b672d0-a178-4dca-b658-0faede10501e.png\" alt=\"\" class=\"wp-image-170 size-full\" srcset=\"https:\/\/recsus.association.usherbrooke.ca\/wp-content\/uploads\/2025\/06\/39b672d0-a178-4dca-b658-0faede10501e.png 328w, https:\/\/recsus.association.usherbrooke.ca\/wp-content\/uploads\/2025\/06\/39b672d0-a178-4dca-b658-0faede10501e-300x300.png 300w, https:\/\/recsus.association.usherbrooke.ca\/wp-content\/uploads\/2025\/06\/39b672d0-a178-4dca-b658-0faede10501e-150x150.png 150w\" sizes=\"auto, (max-width: 328px) 100vw, 328px\" \/><\/figure><div class=\"wp-block-media-text__content\">\n<p style=\"line-height:1.4\">Benjamin Courchesne<br><small>Informatique<br>Responsable aux affaires externes<\/small><\/p>\n<\/div><\/div>\n\n\n\n<div class=\"wp-block-media-text is-stacked-on-mobile wp-container-content-295137eb\" style=\"grid-template-columns:15% auto\"><figure class=\"wp-block-media-text__media\"><img loading=\"lazy\" decoding=\"async\" width=\"328\" height=\"327\" src=\"https:\/\/recsus.association.usherbrooke.ca\/wp-content\/uploads\/2025\/06\/39b672d0-a178-4dca-b658-0faede10501e.png\" alt=\"\" class=\"wp-image-170 size-full\" srcset=\"https:\/\/recsus.association.usherbrooke.ca\/wp-content\/uploads\/2025\/06\/39b672d0-a178-4dca-b658-0faede10501e.png 328w, https:\/\/recsus.association.usherbrooke.ca\/wp-content\/uploads\/2025\/06\/39b672d0-a178-4dca-b658-0faede10501e-300x300.png 300w, https:\/\/recsus.association.usherbrooke.ca\/wp-content\/uploads\/2025\/06\/39b672d0-a178-4dca-b658-0faede10501e-150x150.png 150w\" sizes=\"auto, (max-width: 328px) 100vw, 328px\" \/><\/figure><div class=\"wp-block-media-text__content\">\n<p style=\"line-height:1.4\">&#8211;<br><small>Informatique<br>&#8211;<\/small><\/p>\n<\/div><\/div>\n\n\n\n<div class=\"wp-block-media-text is-stacked-on-mobile wp-container-content-295137eb\" style=\"grid-template-columns:15% auto\"><figure class=\"wp-block-media-text__media\"><img loading=\"lazy\" decoding=\"async\" width=\"683\" height=\"1024\" src=\"https:\/\/recsus.association.usherbrooke.ca\/wp-content\/uploads\/2026\/01\/IMG_6908-683x1024.jpg\" alt=\"\" class=\"wp-image-200 size-full\" srcset=\"https:\/\/recsus.association.usherbrooke.ca\/wp-content\/uploads\/2026\/01\/IMG_6908-683x1024.jpg 683w, https:\/\/recsus.association.usherbrooke.ca\/wp-content\/uploads\/2026\/01\/IMG_6908-200x300.jpg 200w, https:\/\/recsus.association.usherbrooke.ca\/wp-content\/uploads\/2026\/01\/IMG_6908-768x1152.jpg 768w, https:\/\/recsus.association.usherbrooke.ca\/wp-content\/uploads\/2026\/01\/IMG_6908-1024x1536.jpg 1024w, https:\/\/recsus.association.usherbrooke.ca\/wp-content\/uploads\/2026\/01\/IMG_6908-1365x2048.jpg 1365w, https:\/\/recsus.association.usherbrooke.ca\/wp-content\/uploads\/2026\/01\/IMG_6908-scaled.jpg 1707w\" sizes=\"auto, (max-width: 683px) 100vw, 683px\" \/><\/figure><div class=\"wp-block-media-text__content\">\n<p style=\"line-height:1.4\">Sandrine St-Cyr<br><small>Math\u00e9matiques<br>Communications<\/small><\/p>\n<\/div><\/div>\n\n\n\n<div class=\"wp-block-media-text is-stacked-on-mobile wp-container-content-295137eb\" style=\"grid-template-columns:15% auto\"><figure class=\"wp-block-media-text__media\"><img loading=\"lazy\" decoding=\"async\" width=\"328\" height=\"327\" src=\"https:\/\/recsus.association.usherbrooke.ca\/wp-content\/uploads\/2025\/06\/39b672d0-a178-4dca-b658-0faede10501e.png\" alt=\"\" class=\"wp-image-170 size-full\" srcset=\"https:\/\/recsus.association.usherbrooke.ca\/wp-content\/uploads\/2025\/06\/39b672d0-a178-4dca-b658-0faede10501e.png 328w, https:\/\/recsus.association.usherbrooke.ca\/wp-content\/uploads\/2025\/06\/39b672d0-a178-4dca-b658-0faede10501e-300x300.png 300w, https:\/\/recsus.association.usherbrooke.ca\/wp-content\/uploads\/2025\/06\/39b672d0-a178-4dca-b658-0faede10501e-150x150.png 150w\" sizes=\"auto, (max-width: 328px) 100vw, 328px\" \/><\/figure><div class=\"wp-block-media-text__content\">\n<p style=\"line-height:1.4\">Iro Ren\u00e9 Kouarfate<br><small>Math\u00e9matiques<br>Promo-sciences <\/small><\/p>\n<\/div><\/div>\n\n\n\n<div class=\"wp-block-media-text is-stacked-on-mobile wp-container-content-295137eb\" style=\"grid-template-columns:15% auto\"><figure class=\"wp-block-media-text__media\"><img loading=\"lazy\" decoding=\"async\" width=\"328\" height=\"327\" src=\"https:\/\/recsus.association.usherbrooke.ca\/wp-content\/uploads\/2025\/06\/39b672d0-a178-4dca-b658-0faede10501e.png\" alt=\"\" class=\"wp-image-170 size-full\" srcset=\"https:\/\/recsus.association.usherbrooke.ca\/wp-content\/uploads\/2025\/06\/39b672d0-a178-4dca-b658-0faede10501e.png 328w, https:\/\/recsus.association.usherbrooke.ca\/wp-content\/uploads\/2025\/06\/39b672d0-a178-4dca-b658-0faede10501e-300x300.png 300w, https:\/\/recsus.association.usherbrooke.ca\/wp-content\/uploads\/2025\/06\/39b672d0-a178-4dca-b658-0faede10501e-150x150.png 150w\" sizes=\"auto, (max-width: 328px) 100vw, 328px\" \/><\/figure><div class=\"wp-block-media-text__content\">\n<p style=\"line-height:1.4\">Charles Thiffault<br><small>Physique<br>&#8211; <\/small><\/p>\n<\/div><\/div>\n\n\n\n<div class=\"wp-block-media-text is-stacked-on-mobile wp-container-content-295137eb\" style=\"grid-template-columns:15% auto\"><figure class=\"wp-block-media-text__media\"><img loading=\"lazy\" decoding=\"async\" width=\"328\" height=\"327\" src=\"https:\/\/recsus.association.usherbrooke.ca\/wp-content\/uploads\/2025\/06\/39b672d0-a178-4dca-b658-0faede10501e.png\" alt=\"\" class=\"wp-image-170 size-full\" srcset=\"https:\/\/recsus.association.usherbrooke.ca\/wp-content\/uploads\/2025\/06\/39b672d0-a178-4dca-b658-0faede10501e.png 328w, https:\/\/recsus.association.usherbrooke.ca\/wp-content\/uploads\/2025\/06\/39b672d0-a178-4dca-b658-0faede10501e-300x300.png 300w, https:\/\/recsus.association.usherbrooke.ca\/wp-content\/uploads\/2025\/06\/39b672d0-a178-4dca-b658-0faede10501e-150x150.png 150w\" sizes=\"auto, (max-width: 328px) 100vw, 328px\" \/><\/figure><div class=\"wp-block-media-text__content\">\n<p style=\"line-height:1.4\">Ivan Romanko<br><small>Physique<br>&#8211; <\/small><\/p>\n<\/div><\/div>\n\n\n\n<div class=\"wp-block-media-text is-stacked-on-mobile wp-container-content-295137eb\" style=\"grid-template-columns:15% auto\"><figure class=\"wp-block-media-text__media\"><img loading=\"lazy\" decoding=\"async\" width=\"328\" height=\"327\" src=\"https:\/\/recsus.association.usherbrooke.ca\/wp-content\/uploads\/2025\/06\/39b672d0-a178-4dca-b658-0faede10501e.png\" alt=\"\" class=\"wp-image-170 size-full\" srcset=\"https:\/\/recsus.association.usherbrooke.ca\/wp-content\/uploads\/2025\/06\/39b672d0-a178-4dca-b658-0faede10501e.png 328w, https:\/\/recsus.association.usherbrooke.ca\/wp-content\/uploads\/2025\/06\/39b672d0-a178-4dca-b658-0faede10501e-300x300.png 300w, https:\/\/recsus.association.usherbrooke.ca\/wp-content\/uploads\/2025\/06\/39b672d0-a178-4dca-b658-0faede10501e-150x150.png 150w\" sizes=\"auto, (max-width: 328px) 100vw, 328px\" \/><\/figure><div class=\"wp-block-media-text__content\">\n<p style=\"line-height:1.4\">Alberto David Delgado Monterroso<br><small>Sans-attache<br>&#8211; <\/small><\/p>\n<\/div><\/div>\n\n\n\n<div class=\"wp-block-media-text is-stacked-on-mobile wp-container-content-295137eb\" style=\"grid-template-columns:15% auto\"><figure class=\"wp-block-media-text__media\"><img loading=\"lazy\" decoding=\"async\" width=\"328\" height=\"327\" src=\"https:\/\/recsus.association.usherbrooke.ca\/wp-content\/uploads\/2025\/06\/39b672d0-a178-4dca-b658-0faede10501e.png\" alt=\"\" class=\"wp-image-170 size-full\" srcset=\"https:\/\/recsus.association.usherbrooke.ca\/wp-content\/uploads\/2025\/06\/39b672d0-a178-4dca-b658-0faede10501e.png 328w, https:\/\/recsus.association.usherbrooke.ca\/wp-content\/uploads\/2025\/06\/39b672d0-a178-4dca-b658-0faede10501e-300x300.png 300w, https:\/\/recsus.association.usherbrooke.ca\/wp-content\/uploads\/2025\/06\/39b672d0-a178-4dca-b658-0faede10501e-150x150.png 150w\" sizes=\"auto, (max-width: 328px) 100vw, 328px\" \/><\/figure><div class=\"wp-block-media-text__content\">\n<p style=\"line-height:1.4\">Catherine Viel-Lapointe<br><small>Sans-attache<br>&#8211; <\/small><\/p>\n<\/div><\/div>\n<\/div>\n\n\n\n<div style=\"height:30px\" aria-hidden=\"true\" class=\"wp-block-spacer\"><\/div>\n\n\n\n<p class=\"is-style-text-subtitle is-style-text-subtitle--2\">Attach\u00e9.e.s<\/p>\n\n\n\n<div class=\"wp-block-media-text is-stacked-on-mobile\" style=\"grid-template-columns:15% auto\"><figure class=\"wp-block-media-text__media\"><img loading=\"lazy\" decoding=\"async\" width=\"328\" height=\"327\" src=\"https:\/\/recsus.association.usherbrooke.ca\/wp-content\/uploads\/2025\/06\/39b672d0-a178-4dca-b658-0faede10501e.png\" alt=\"\" class=\"wp-image-170 size-full\" srcset=\"https:\/\/recsus.association.usherbrooke.ca\/wp-content\/uploads\/2025\/06\/39b672d0-a178-4dca-b658-0faede10501e.png 328w, https:\/\/recsus.association.usherbrooke.ca\/wp-content\/uploads\/2025\/06\/39b672d0-a178-4dca-b658-0faede10501e-300x300.png 300w, https:\/\/recsus.association.usherbrooke.ca\/wp-content\/uploads\/2025\/06\/39b672d0-a178-4dca-b658-0faede10501e-150x150.png 150w\" sizes=\"auto, (max-width: 328px) 100vw, 328px\" \/><\/figure><div class=\"wp-block-media-text__content\">\n<p style=\"line-height:1.5\">Audrey Lafrenaye<br><small>Attach\u00e9e \u00e0 la promotion de la science<\/small><\/p>\n<\/div><\/div>\n\n\n\n<div class=\"wp-block-media-text is-stacked-on-mobile\" style=\"grid-template-columns:15% auto\"><figure class=\"wp-block-media-text__media\"><img loading=\"lazy\" decoding=\"async\" width=\"328\" height=\"327\" src=\"https:\/\/recsus.association.usherbrooke.ca\/wp-content\/uploads\/2025\/06\/39b672d0-a178-4dca-b658-0faede10501e.png\" alt=\"\" class=\"wp-image-170 size-full\" srcset=\"https:\/\/recsus.association.usherbrooke.ca\/wp-content\/uploads\/2025\/06\/39b672d0-a178-4dca-b658-0faede10501e.png 328w, https:\/\/recsus.association.usherbrooke.ca\/wp-content\/uploads\/2025\/06\/39b672d0-a178-4dca-b658-0faede10501e-300x300.png 300w, https:\/\/recsus.association.usherbrooke.ca\/wp-content\/uploads\/2025\/06\/39b672d0-a178-4dca-b658-0faede10501e-150x150.png 150w\" sizes=\"auto, (max-width: 328px) 100vw, 328px\" \/><\/figure><div class=\"wp-block-media-text__content\">\n<p style=\"line-height:1.5\">Halah Magri<br><small>Attach\u00e9e \u00e0 l&rsquo;ex\u00e9cutif<\/small><\/p>\n<\/div><\/div>\n\n\n\n<div class=\"wp-block-media-text is-stacked-on-mobile\" style=\"grid-template-columns:15% auto\"><figure class=\"wp-block-media-text__media\"><img loading=\"lazy\" decoding=\"async\" width=\"328\" height=\"327\" src=\"https:\/\/recsus.association.usherbrooke.ca\/wp-content\/uploads\/2025\/06\/39b672d0-a178-4dca-b658-0faede10501e.png\" alt=\"\" class=\"wp-image-170 size-full\" srcset=\"https:\/\/recsus.association.usherbrooke.ca\/wp-content\/uploads\/2025\/06\/39b672d0-a178-4dca-b658-0faede10501e.png 328w, https:\/\/recsus.association.usherbrooke.ca\/wp-content\/uploads\/2025\/06\/39b672d0-a178-4dca-b658-0faede10501e-300x300.png 300w, https:\/\/recsus.association.usherbrooke.ca\/wp-content\/uploads\/2025\/06\/39b672d0-a178-4dca-b658-0faede10501e-150x150.png 150w\" sizes=\"auto, (max-width: 328px) 100vw, 328px\" \/><\/figure><div class=\"wp-block-media-text__content\">\n<p style=\"line-height:1.5\">&#8211;<br><small>Attach\u00e9 au soutien<\/small><\/p>\n<\/div><\/div>\n\n\n\n<p><\/p>\n","protected":false},"excerpt":{"rendered":"<p>Le conseil d&rsquo;administration du RECSUS Jonathan BoisvertBiologieTr\u00e9sorier L\u00e9a Gauthier-SoumisBiologieVice-tr\u00e9sori\u00e8re \u00c9lodie d&rsquo;AstousChimiePr\u00e9sidence &#8211;Chimie&#8211; Benjamin CourchesneInformatiqueResponsable aux affaires externes &#8211;Informatique&#8211; Sandrine St-CyrMath\u00e9matiquesCommunications Iro Ren\u00e9 KouarfateMath\u00e9matiquesPromo-sciences Charles ThiffaultPhysique&#8211; Ivan RomankoPhysique&#8211; Alberto David Delgado MonterrosoSans-attache&#8211; Catherine Viel-LapointeSans-attache&#8211; Attach\u00e9.e.s Audrey LafrenayeAttach\u00e9e \u00e0 la promotion de la science Halah MagriAttach\u00e9e \u00e0 l&rsquo;ex\u00e9cutif &#8211;Attach\u00e9 au soutien<\/p>\n","protected":false},"author":1,"featured_media":0,"parent":0,"menu_order":0,"comment_status":"closed","ping_status":"closed","template":"","meta":{"footnotes":""},"class_list":["post-83","page","type-page","status-publish","hentry"],"_links":{"self":[{"href":"https:\/\/recsus.association.usherbrooke.ca\/index.php?rest_route=\/wp\/v2\/pages\/83","targetHints":{"allow":["GET"]}}],"collection":[{"href":"https:\/\/recsus.association.usherbrooke.ca\/index.php?rest_route=\/wp\/v2\/pages"}],"about":[{"href":"https:\/\/recsus.association.usherbrooke.ca\/index.php?rest_route=\/wp\/v2\/types\/page"}],"author":[{"embeddable":true,"href":"https:\/\/recsus.association.usherbrooke.ca\/index.php?rest_route=\/wp\/v2\/users\/1"}],"replies":[{"embeddable":true,"href":"https:\/\/recsus.association.usherbrooke.ca\/index.php?rest_route=%2Fwp%2Fv2%2Fcomments&post=83"}],"version-history":[{"count":9,"href":"https:\/\/recsus.association.usherbrooke.ca\/index.php?rest_route=\/wp\/v2\/pages\/83\/revisions"}],"predecessor-version":[{"id":225,"href":"https:\/\/recsus.association.usherbrooke.ca\/index.php?rest_route=\/wp\/v2\/pages\/83\/revisions\/225"}],"wp:attachment":[{"href":"https:\/\/recsus.association.usherbrooke.ca\/index.php?rest_route=%2Fwp%2Fv2%2Fmedia&parent=83"}],"curies":[{"name":"wp","href":"https:\/\/api.w.org\/{rel}","templated":true}]}}