{"id":85,"date":"2025-07-05T02:43:00","date_gmt":"2025-07-04T21:43:00","guid":{"rendered":"https:\/\/recsus.association.usherbrooke.ca\/?page_id=85"},"modified":"2025-07-05T02:45:35","modified_gmt":"2025-07-04T21:45:35","slug":"emploi","status":"publish","type":"page","link":"https:\/\/recsus.association.usherbrooke.ca\/?page_id=85","title":{"rendered":"Emploi"},"content":{"rendered":"\n<p>Le RECSUS emploie de deux \u00e0 trois \u00e9tudiants a chaque session. Les candidats doivent \u00eatre admissibles au programme \u00e9tude-travail de l&rsquo;Universit\u00e9 de Sherbrooke.<\/p>\n\n\n\n<div style=\"height:30px\" aria-hidden=\"true\" class=\"wp-block-spacer\"><\/div>\n\n\n\n<p class=\"is-style-text-subtitle has-x-large-font-size is-style-text-subtitle--1\"><strong>Attach\u00e9(e) \u00e0 l\u2019ex\u00e9cutif<\/strong><\/p>\n\n\n\n<p>L&rsquo;attach\u00e9(e) \u00e0 l\u2019ex\u00e9cutif&nbsp;est l&rsquo;intendant du RECSUS. Tout comme les autres attach\u00e9(e)s, il doit tenir le local propre et accueillant,&nbsp;r\u00e9pondre aux demandes des membres du RECSUS et les accueillir chaleureusement. Son travail hebdomadaire principal est de maintenir les stocks de caf\u00e9 et consommables du local, et de faire l&rsquo;entretien de la machine \u00e0 caf\u00e9. Il doit \u00e9galement aider la tr\u00e9sorerie en actualisant r\u00e9guli\u00e8rement le fichier de comptabilit\u00e9. Son entente avec la tr\u00e9sorerie et la pr\u00e9sidence est donc essentiel au bon fonctionnement de l&rsquo;association.&nbsp;<\/p>\n\n\n\n<p>Ses horaires sont habituellement de 9 \u00e0 15 h par semaine, sur les horaires d&rsquo;ouverture du local, qui sont de 9 h \u00e0 15 h du lundi au vendredi.<\/p>\n\n\n\n<div style=\"height:30px\" aria-hidden=\"true\" class=\"wp-block-spacer\"><\/div>\n\n\n\n<p class=\"is-style-text-subtitle has-x-large-font-size is-style-text-subtitle--2\"><strong>Attach\u00e9(e) \u00e0 la promotion de la science<\/strong><\/p>\n\n\n\n<p>L&rsquo;attach\u00e9(e) \u00e0&nbsp;la promotion de la science travaille avec les repr\u00e9sentants sur les \u00e9v\u00e9nements&nbsp;autour de la science, sur et en dehors du campus, auquel le RECSUS participe. Il se doit \u00e9galement d&rsquo;entretenir le local lors de ses permanences. Ses t\u00e2ches principales consistent \u00e0 pr\u00e9parer ces \u00e9v\u00e9nements, en communicant en amont avec les&nbsp;conf\u00e9renciers, ou&nbsp;en recrutant des b\u00e9n\u00e9voles. Il est aussi charg\u00e9 de planifier la gestion de ces \u00e9v\u00e9nements, et d&rsquo;assigner des&nbsp;t\u00e2ches aux b\u00e9n\u00e9voles. Il peut&nbsp;proposer de nouvelles&nbsp;activit\u00e9s en accord avec le CA du RECSUS, et doit faire la communication aupr\u00e8s des membres&nbsp;(Facebook, courriel, site web) a l&rsquo;approche des activit\u00e9s qu&rsquo;il organise.<\/p>\n\n\n\n<p>Ses horaires sont habituellement de 9 \u00e0 15&nbsp;h par semaine, sur les horaires d&rsquo;ouverture du local, qui sont de 9 h \u00e0 15 h du lundi au vendredi.<\/p>\n\n\n\n<div style=\"height:30px\" aria-hidden=\"true\" class=\"wp-block-spacer\"><\/div>\n\n\n\n<p class=\"is-style-text-subtitle has-x-large-font-size is-style-text-subtitle--3\"><strong>Attach\u00e9(e) au soutien<\/strong><\/p>\n\n\n\n<p>L&rsquo;attach\u00e9(e) au soutien permet d&rsquo;entretenir le local lors de l&rsquo;absence des autres attach\u00e9(e)s. Les repr\u00e9sentants lui assignent les t\u00e2ches occasionnelles&nbsp;qui n&rsquo;incombent pas aux autres attach\u00e9(e)s.<\/p>\n\n\n\n<p>Ses horaires sont habituellement de 9 \u00e0 15 h par semaine, sur les horaires d&rsquo;ouverture du local, qui sont de 9 h \u00e0 15h du lundi au vendredi.&nbsp;<\/p>\n\n\n\n<div style=\"height:30px\" aria-hidden=\"true\" class=\"wp-block-spacer\"><\/div>\n\n\n\n<p class=\"has-text-align-center is-style-text-annotation has-large-font-size is-style-text-annotation--4\" style=\"border-width:2px;border-radius:30px;margin-top:var(--wp--preset--spacing--30);margin-right:var(--wp--preset--spacing--30);margin-bottom:var(--wp--preset--spacing--30);margin-left:var(--wp--preset--spacing--30);padding-top:var(--wp--preset--spacing--30);padding-right:var(--wp--preset--spacing--30);padding-bottom:var(--wp--preset--spacing--30);padding-left:var(--wp--preset--spacing--30);line-height:1.6\">Lorsqu&rsquo;un poste est disponible une offre d&#8217;emploi sera affich\u00e9 sur le service des \u00e9tudiants\u00a0de l\u2019Universit\u00e9\u00a0de Sherbrooke, <u><a href=\"https:\/\/www.usherbrooke.ca\/etudiants\/finances\/emplois-etudiants\/emplois-offerts\/\">section finances<\/a><\/u>.<\/p>\n","protected":false},"excerpt":{"rendered":"<p>Le RECSUS emploie de deux \u00e0 trois \u00e9tudiants a chaque session. Les candidats doivent \u00eatre admissibles au programme \u00e9tude-travail de l&rsquo;Universit\u00e9 de Sherbrooke. Attach\u00e9(e) \u00e0 l\u2019ex\u00e9cutif L&rsquo;attach\u00e9(e) \u00e0 l\u2019ex\u00e9cutif&nbsp;est l&rsquo;intendant du RECSUS. Tout comme les autres attach\u00e9(e)s, il doit tenir le local propre et accueillant,&nbsp;r\u00e9pondre aux demandes des membres du RECSUS et les accueillir chaleureusement. [&hellip;]<\/p>\n","protected":false},"author":1,"featured_media":0,"parent":0,"menu_order":0,"comment_status":"closed","ping_status":"closed","template":"","meta":{"footnotes":""},"class_list":["post-85","page","type-page","status-publish","hentry"],"_links":{"self":[{"href":"https:\/\/recsus.association.usherbrooke.ca\/index.php?rest_route=\/wp\/v2\/pages\/85","targetHints":{"allow":["GET"]}}],"collection":[{"href":"https:\/\/recsus.association.usherbrooke.ca\/index.php?rest_route=\/wp\/v2\/pages"}],"about":[{"href":"https:\/\/recsus.association.usherbrooke.ca\/index.php?rest_route=\/wp\/v2\/types\/page"}],"author":[{"embeddable":true,"href":"https:\/\/recsus.association.usherbrooke.ca\/index.php?rest_route=\/wp\/v2\/users\/1"}],"replies":[{"embeddable":true,"href":"https:\/\/recsus.association.usherbrooke.ca\/index.php?rest_route=%2Fwp%2Fv2%2Fcomments&post=85"}],"version-history":[{"count":2,"href":"https:\/\/recsus.association.usherbrooke.ca\/index.php?rest_route=\/wp\/v2\/pages\/85\/revisions"}],"predecessor-version":[{"id":105,"href":"https:\/\/recsus.association.usherbrooke.ca\/index.php?rest_route=\/wp\/v2\/pages\/85\/revisions\/105"}],"wp:attachment":[{"href":"https:\/\/recsus.association.usherbrooke.ca\/index.php?rest_route=%2Fwp%2Fv2%2Fmedia&parent=85"}],"curies":[{"name":"wp","href":"https:\/\/api.w.org\/{rel}","templated":true}]}}